{"id":71,"date":"2023-07-13T19:47:11","date_gmt":"2023-07-14T01:47:11","guid":{"rendered":"https:\/\/cohefi.com\/?page_id=71"},"modified":"2023-10-11T22:16:29","modified_gmt":"2023-10-12T04:16:29","slug":"infogral03","status":"publish","type":"page","link":"https:\/\/cohefi.com\/index.php\/infogral03\/","title":{"rendered":"InfoGral03"},"content":{"rendered":"\n<div class=\"wp-block-group has-global-padding is-layout-constrained\">\n<div class=\"wp-block-columns are-vertically-aligned-center is-not-stacked-on-mobile is-layout-flex wp-container-4\">\n<div class=\"wp-block-column is-vertically-aligned-center has-global-padding is-layout-constrained\" style=\"flex-basis:50%\">\n<figure class=\"wp-block-image size-full\"><img decoding=\"async\" loading=\"lazy\" width=\"880\" height=\"200\" src=\"https:\/\/cohefi.com\/wp-content\/uploads\/2023\/07\/LogoCompletoAjustado.png\" alt=\"\" class=\"wp-image-155\" srcset=\"https:\/\/cohefi.com\/wp-content\/uploads\/2023\/07\/LogoCompletoAjustado.png 880w, https:\/\/cohefi.com\/wp-content\/uploads\/2023\/07\/LogoCompletoAjustado-300x68.png 300w, https:\/\/cohefi.com\/wp-content\/uploads\/2023\/07\/LogoCompletoAjustado-768x175.png 768w\" sizes=\"(max-width: 880px) 100vw, 880px\" \/><\/figure>\n<\/div>\n\n\n\n<div class=\"wp-block-column is-vertically-aligned-center has-global-padding is-content-justification-right is-layout-constrained wp-container-3\" style=\"flex-basis:50%\">\n<div class=\"wp-block-group has-global-padding is-content-justification-center is-layout-constrained wp-container-2\">\n<div class=\"wp-block-media-text\" style=\"grid-template-columns:15% auto\"><figure class=\"wp-block-media-text__media\"><a href=\"https:\/\/wa.link\/7xc93c\"><img decoding=\"async\" loading=\"lazy\" width=\"47\" height=\"48\" src=\"https:\/\/cohefi.com\/wp-content\/uploads\/2023\/07\/IconoWhatsTransparente.png\" alt=\"\" class=\"wp-image-168 size-full\"\/><\/a><\/figure><div class=\"wp-block-media-text__content\">\n<p class=\"has-text-align-left\" style=\"font-size:0.8rem\"><strong><a href=\"https:\/\/wa.link\/7xc93c\">(55) 4004 5171<\/a><\/strong><\/p>\n<\/div><\/div>\n<\/div>\n<\/div>\n<\/div>\n<\/div>\n\n\n\n<div class=\"wp-block-group is-vertical is-layout-flex wp-container-13\">\n<div class=\"wp-block-group TitlePain has-normal-font-size has-global-padding is-content-justification-center is-layout-constrained wp-container-6\" style=\"padding-top:0;padding-right:0;padding-bottom:0;padding-left:0\">\n<p>\u00bfSufres dolor f\u00edsico?<\/p>\n<\/div>\n\n\n\n<div class=\"wp-block-group Row has-global-padding is-layout-constrained\">\n<div class=\"wp-block-columns is-not-stacked-on-mobile is-layout-flex wp-container-11\">\n<div class=\"wp-block-column has-normal-font-size is-layout-flow\" style=\"flex-basis:50%\">\n<div class=\"wp-block-group is-vertical is-layout-flex wp-container-7\">\n<p class=\"Header has-normal-font-size\">Parte del cuerpo<\/p>\n\n\n\n<ul class=\"ListItem\" style=\"font-size:0.8rem\">\n<li>Rodilla<\/li>\n\n\n\n<li>Espalda<\/li>\n\n\n\n<li>Hombro<\/li>\n\n\n\n<li>Mu\u00f1eca<\/li>\n\n\n\n<li>Tobillo<\/li>\n\n\n\n<li>Codo<\/li>\n\n\n\n<li>Cuello<\/li>\n<\/ul>\n<\/div>\n<\/div>\n\n\n\n<div class=\"wp-block-column is-layout-flow\" style=\"flex-basis:50%\">\n<div class=\"wp-block-group is-vertical is-layout-flex wp-container-9\">\n<p class=\"Header has-normal-font-size\">Padecimientos<\/p>\n\n\n\n<ul class=\"ListItem\" style=\"font-size:0.8rem\">\n<li>Esguince<\/li>\n\n\n\n<li>Condromalacia Rotuliana<\/li>\n\n\n\n<li>Tendinopat\u00edas<\/li>\n\n\n\n<li>S\u00edndrome del T\u00fanel del Carpo<\/li>\n\n\n\n<li>Hernia Discal<\/li>\n\n\n\n<li>Lumbalgia<\/li>\n<\/ul>\n<\/div>\n<\/div>\n<\/div>\n<\/div>\n<\/div>\n\n\n\n<div class=\"wp-block-group has-global-padding is-layout-constrained wp-container-14\">\n<figure class=\"wp-block-video\"><video autoplay loop muted src=\"https:\/\/cohefi.com\/wp-content\/uploads\/2023\/07\/Cohefi_Servicios02.mp4\"><\/video><\/figure>\n<\/div>\n\n\n\n<div class=\"wp-block-group is-vertical is-layout-flex wp-container-23\">\n<div class=\"wp-block-group TitleSolution has-normal-font-size has-global-padding is-content-justification-center is-layout-constrained wp-container-15\" style=\"padding-top:0;padding-right:0;padding-bottom:0;padding-left:0\">\n<p>COHEFI te ofrece una soluci\u00f3n para aliviar el dolor<\/p>\n<\/div>\n\n\n\n<div class=\"wp-block-group Solution has-small-font-size has-global-padding is-content-justification-center is-layout-constrained wp-container-16\">\n<p style=\"font-size:0.9rem\">En COHEFI realizamos una valoraci\u00f3n integral de cada caso para ofrecer una terapia completamente personalizada, ya que todo depende del estado de la lesi\u00f3n, temporalidad, inflamaci\u00f3n, localizaci\u00f3n, tejidos afectados, estructuras involucradas, compensaciones musculares, edad del paciente, enfermedades asociadas que pueda cursar el paciente, actividades de la vida diaria del paciente, etc.<\/p>\n<\/div>\n\n\n\n<div class=\"wp-block-group Row is-layout-flow\">\n<div class=\"wp-block-columns is-not-stacked-on-mobile is-layout-flex wp-container-21\">\n<div class=\"wp-block-column has-normal-font-size is-layout-flow\" style=\"flex-basis:50%\">\n<div class=\"wp-block-group is-vertical is-layout-flex wp-container-17\">\n<p class=\"Header has-normal-font-size\">\u00bfQu\u00e9 hacemos?<\/p>\n\n\n\n<ul class=\"ListItem\" style=\"font-size:0.8rem\">\n<li>Fisioterapia<\/li>\n\n\n\n<li>Rehabilitaci\u00f3n f\u00edsica<\/li>\n\n\n\n<li>Electroterapia<\/li>\n\n\n\n<li>Manipulaci\u00f3n instrumentalizada<\/li>\n\n\n\n<li>Vendaje neuromuscular<\/li>\n\n\n\n<li>Electropunci\u00f3n<\/li>\n\n\n\n<li>Ejercicio terap\u00e9utico<\/li>\n<\/ul>\n<\/div>\n<\/div>\n\n\n\n<div class=\"wp-block-column is-layout-flow\" style=\"flex-basis:50%\">\n<div class=\"wp-block-group is-vertical is-layout-flex wp-container-19\">\n<p class=\"Header has-normal-font-size\">Equipos especializados<\/p>\n\n\n\n<ul class=\"ListItem\" style=\"font-size:0.8rem\">\n<li>Ondas de choque<\/li>\n\n\n\n<li>L\u00e1ser terap\u00e9utico<\/li>\n\n\n\n<li>Ultrasonido terap\u00e9utico<\/li>\n\n\n\n<li>Electro estimulador<\/li>\n\n\n\n<li>Botas de compresi\u00f3n<\/li>\n\n\n\n<li>Pistola de percusi\u00f3n<\/li>\n<\/ul>\n<\/div>\n<\/div>\n<\/div>\n<\/div>\n<\/div>\n\n\n\n<figure class=\"wp-block-image size-large\"><img decoding=\"async\" loading=\"lazy\" width=\"1024\" height=\"233\" src=\"https:\/\/cohefi.com\/wp-content\/uploads\/2023\/10\/InformesCohefi-1024x233.png\" alt=\"\" class=\"wp-image-532\" srcset=\"https:\/\/cohefi.com\/wp-content\/uploads\/2023\/10\/InformesCohefi-1024x233.png 1024w, https:\/\/cohefi.com\/wp-content\/uploads\/2023\/10\/InformesCohefi-300x68.png 300w, https:\/\/cohefi.com\/wp-content\/uploads\/2023\/10\/InformesCohefi-768x175.png 768w, https:\/\/cohefi.com\/wp-content\/uploads\/2023\/10\/InformesCohefi.png 1035w\" sizes=\"(max-width: 1024px) 100vw, 1024px\" \/><\/figure>\n\n\n\n<figure class=\"wp-block-image aligncenter size-full\"><a href=\"https:\/\/wa.link\/7xc93c\"><img decoding=\"async\" loading=\"lazy\" width=\"586\" height=\"112\" src=\"https:\/\/cohefi.com\/wp-content\/uploads\/2023\/07\/boton_contactanos.png\" alt=\"\" class=\"wp-image-142\" srcset=\"https:\/\/cohefi.com\/wp-content\/uploads\/2023\/07\/boton_contactanos.png 586w, https:\/\/cohefi.com\/wp-content\/uploads\/2023\/07\/boton_contactanos-300x57.png 300w\" sizes=\"(max-width: 586px) 100vw, 586px\" \/><\/a><\/figure>\n","protected":false},"excerpt":{"rendered":"<p>(55) 4004 5171 \u00bfSufres dolor f\u00edsico? Parte del cuerpo Padecimientos COHEFI te ofrece una soluci\u00f3n para aliviar el dolor En COHEFI realizamos una valoraci\u00f3n integral de cada caso para ofrecer una terapia completamente personalizada, ya que todo depende del estado de la lesi\u00f3n, temporalidad, inflamaci\u00f3n, localizaci\u00f3n, tejidos afectados, estructuras involucradas, compensaciones musculares, edad del paciente, [&hellip;]<\/p>\n","protected":false},"author":1,"featured_media":140,"parent":0,"menu_order":0,"comment_status":"closed","ping_status":"closed","template":"blank","meta":[],"_links":{"self":[{"href":"https:\/\/cohefi.com\/index.php\/wp-json\/wp\/v2\/pages\/71"}],"collection":[{"href":"https:\/\/cohefi.com\/index.php\/wp-json\/wp\/v2\/pages"}],"about":[{"href":"https:\/\/cohefi.com\/index.php\/wp-json\/wp\/v2\/types\/page"}],"author":[{"embeddable":true,"href":"https:\/\/cohefi.com\/index.php\/wp-json\/wp\/v2\/users\/1"}],"replies":[{"embeddable":true,"href":"https:\/\/cohefi.com\/index.php\/wp-json\/wp\/v2\/comments?post=71"}],"version-history":[{"count":52,"href":"https:\/\/cohefi.com\/index.php\/wp-json\/wp\/v2\/pages\/71\/revisions"}],"predecessor-version":[{"id":536,"href":"https:\/\/cohefi.com\/index.php\/wp-json\/wp\/v2\/pages\/71\/revisions\/536"}],"wp:featuredmedia":[{"embeddable":true,"href":"https:\/\/cohefi.com\/index.php\/wp-json\/wp\/v2\/media\/140"}],"wp:attachment":[{"href":"https:\/\/cohefi.com\/index.php\/wp-json\/wp\/v2\/media?parent=71"}],"curies":[{"name":"wp","href":"https:\/\/api.w.org\/{rel}","templated":true}]}}