{"id":492,"date":"2023-08-16T23:00:04","date_gmt":"2023-08-17T05:00:04","guid":{"rendered":"https:\/\/cohefi.com\/?page_id=492"},"modified":"2023-10-11T22:12:49","modified_gmt":"2023-10-12T04:12:49","slug":"terapiahombro","status":"publish","type":"page","link":"https:\/\/cohefi.com\/index.php\/terapiahombro\/","title":{"rendered":"TerapiaHombro"},"content":{"rendered":"\n<div class=\"wp-block-group has-global-padding is-layout-constrained\">\n<figure class=\"wp-block-image size-full is-resized\"><img decoding=\"async\" loading=\"lazy\" src=\"https:\/\/cohefi.com\/wp-content\/uploads\/2023\/07\/LogoCompletoAjustado.png\" alt=\"\" class=\"wp-image-155\" width=\"220\" height=\"50\" srcset=\"https:\/\/cohefi.com\/wp-content\/uploads\/2023\/07\/LogoCompletoAjustado.png 880w, https:\/\/cohefi.com\/wp-content\/uploads\/2023\/07\/LogoCompletoAjustado-300x68.png 300w, https:\/\/cohefi.com\/wp-content\/uploads\/2023\/07\/LogoCompletoAjustado-768x175.png 768w\" sizes=\"(max-width: 220px) 100vw, 220px\" \/><\/figure>\n<\/div>\n\n\n\n<div class=\"wp-block-group has-global-padding is-layout-constrained\">\n<div class=\"wp-block-columns is-not-stacked-on-mobile is-layout-flex wp-container-5\">\n<div class=\"wp-block-column is-vertically-aligned-center has-global-padding is-layout-constrained\" style=\"flex-basis:15%\">\n<figure class=\"wp-block-image alignright size-full is-resized\"><img decoding=\"async\" loading=\"lazy\" src=\"https:\/\/cohefi.com\/wp-content\/uploads\/2023\/07\/IconoAlerta.png\" alt=\"\" class=\"wp-image-73\" width=\"45\" height=\"44\"\/><\/figure>\n<\/div>\n\n\n\n<div class=\"wp-block-column is-vertically-aligned-bottom is-layout-flow\" style=\"flex-basis:70%\">\n<p class=\"has-text-align-center has-small-font-size\"><strong>\u00bfSufres dolor de hombro?<\/strong><\/p>\n<\/div>\n\n\n\n<div class=\"wp-block-column is-vertically-aligned-center has-global-padding is-layout-constrained wp-container-4\" style=\"flex-basis:15%\">\n<figure class=\"wp-block-image alignleft size-full is-resized\"><img decoding=\"async\" loading=\"lazy\" src=\"https:\/\/cohefi.com\/wp-content\/uploads\/2023\/07\/IconoAlerta.png\" alt=\"\" class=\"wp-image-73\" width=\"45\" height=\"44\"\/><\/figure>\n<\/div>\n<\/div>\n<\/div>\n\n\n\n<p style=\"font-size:0.9rem\"><strong>Causas:<\/strong><\/p>\n\n\n\n<p style=\"font-size:0.8rem\">Lesi\u00f3n muscular, malformaciones \u00f3seas, problemas de postura o movimientos repetitivos. Las estructuras m\u00e1s com\u00fanmente afectadas son: manguito rotador<\/p>\n\n\n\n<p style=\"font-size:0.9rem\"><strong>Terapias recomendadas:<\/strong><\/p>\n\n\n\n<p style=\"font-size:0.8rem\">En nuestra cl\u00ednica de fisioterapia te ayudamos a encontrar alivio para el dolor y mejorar tu movilidad, antes de realizarte una recomendaci\u00f3n, realizamos una valoraci\u00f3n de tu caso para poder ofrecerte la terapia que mejor se adecue a tu situaci\u00f3n particular, como puede ser: L\u00e1ser, ondas de choque, tecarterapia, electroterapia, infrarrojo, manual instrumentalizada, ultrasonido, etc.<\/p>\n\n\n\n<div class=\"wp-block-group ContainerVideo has-global-padding is-content-justification-center is-layout-constrained\">\n<iframe loading=\"lazy\" width=\"310\" height=\"232\" src=\"https:\/\/www.youtube.com\/embed\/RkDSsfE7U14?autoplay=1&#038;playlist=RkDSsfE7U14&#038;loop=1&#038;mute=1&#038;rel=0&#038;showinfo=0&#038;controls=1\" title=\"Servicios COHEFI\" frameborder=\"0\" allow=\"accelerometer; autoplay; clipboard-write; encrypted-media; gyroscope; picture-in-picture; web-share\" allowfullscreen><\/iframe>\n<\/div>\n\n\n\n<figure class=\"wp-block-image aligncenter size-large\"><img decoding=\"async\" loading=\"lazy\" width=\"1024\" height=\"233\" src=\"https:\/\/cohefi.com\/wp-content\/uploads\/2023\/10\/InformesCohefi-1024x233.png\" alt=\"\" class=\"wp-image-532\" srcset=\"https:\/\/cohefi.com\/wp-content\/uploads\/2023\/10\/InformesCohefi-1024x233.png 1024w, https:\/\/cohefi.com\/wp-content\/uploads\/2023\/10\/InformesCohefi-300x68.png 300w, https:\/\/cohefi.com\/wp-content\/uploads\/2023\/10\/InformesCohefi-768x175.png 768w, https:\/\/cohefi.com\/wp-content\/uploads\/2023\/10\/InformesCohefi.png 1035w\" sizes=\"(max-width: 1024px) 100vw, 1024px\" \/><\/figure>\n\n\n\n<figure class=\"wp-block-image aligncenter size-full\"><img decoding=\"async\" loading=\"lazy\" width=\"513\" height=\"111\" src=\"https:\/\/cohefi.com\/wp-content\/uploads\/2023\/08\/Boton_Agenda_Promocion.png\" alt=\"\" class=\"wp-image-438\" srcset=\"https:\/\/cohefi.com\/wp-content\/uploads\/2023\/08\/Boton_Agenda_Promocion.png 513w, https:\/\/cohefi.com\/wp-content\/uploads\/2023\/08\/Boton_Agenda_Promocion-300x65.png 300w\" sizes=\"(max-width: 513px) 100vw, 513px\" \/><\/figure>\n","protected":false},"excerpt":{"rendered":"<p>\u00bfSufres dolor de hombro? Causas: Lesi\u00f3n muscular, malformaciones \u00f3seas, problemas de postura o movimientos repetitivos. Las estructuras m\u00e1s com\u00fanmente afectadas son: manguito rotador Terapias recomendadas: En nuestra cl\u00ednica de fisioterapia te ayudamos a encontrar alivio para el dolor y mejorar tu movilidad, antes de realizarte una recomendaci\u00f3n, realizamos una valoraci\u00f3n de tu caso para poder [&hellip;]<\/p>\n","protected":false},"author":1,"featured_media":0,"parent":0,"menu_order":0,"comment_status":"closed","ping_status":"closed","template":"blank","meta":[],"_links":{"self":[{"href":"https:\/\/cohefi.com\/index.php\/wp-json\/wp\/v2\/pages\/492"}],"collection":[{"href":"https:\/\/cohefi.com\/index.php\/wp-json\/wp\/v2\/pages"}],"about":[{"href":"https:\/\/cohefi.com\/index.php\/wp-json\/wp\/v2\/types\/page"}],"author":[{"embeddable":true,"href":"https:\/\/cohefi.com\/index.php\/wp-json\/wp\/v2\/users\/1"}],"replies":[{"embeddable":true,"href":"https:\/\/cohefi.com\/index.php\/wp-json\/wp\/v2\/comments?post=492"}],"version-history":[{"count":18,"href":"https:\/\/cohefi.com\/index.php\/wp-json\/wp\/v2\/pages\/492\/revisions"}],"predecessor-version":[{"id":533,"href":"https:\/\/cohefi.com\/index.php\/wp-json\/wp\/v2\/pages\/492\/revisions\/533"}],"wp:attachment":[{"href":"https:\/\/cohefi.com\/index.php\/wp-json\/wp\/v2\/media?parent=492"}],"curies":[{"name":"wp","href":"https:\/\/api.w.org\/{rel}","templated":true}]}}