{"id":408,"date":"2023-08-11T11:00:55","date_gmt":"2023-08-11T17:00:55","guid":{"rendered":"https:\/\/cohefi.com\/?page_id=408"},"modified":"2023-10-11T22:17:58","modified_gmt":"2023-10-12T04:17:58","slug":"infogral05","status":"publish","type":"page","link":"https:\/\/cohefi.com\/index.php\/infogral05\/","title":{"rendered":"InfoGral05"},"content":{"rendered":"\n<figure class=\"wp-block-image size-full is-resized\"><img decoding=\"async\" loading=\"lazy\" src=\"https:\/\/cohefi.com\/wp-content\/uploads\/2023\/07\/LogoCompletoAjustado.png\" alt=\"\" class=\"wp-image-155\" width=\"220\" height=\"50\" srcset=\"https:\/\/cohefi.com\/wp-content\/uploads\/2023\/07\/LogoCompletoAjustado.png 880w, https:\/\/cohefi.com\/wp-content\/uploads\/2023\/07\/LogoCompletoAjustado-300x68.png 300w, https:\/\/cohefi.com\/wp-content\/uploads\/2023\/07\/LogoCompletoAjustado-768x175.png 768w\" sizes=\"(max-width: 220px) 100vw, 220px\" \/><\/figure>\n\n\n\n<p style=\"font-size:0.8rem\">Somos una cl\u00ednica de rehabilitaci\u00f3n f\u00edsica y fisioterapia, ofrecemos terapias personalizadas bas\u00e1ndonos en el estado de la lesi\u00f3n, inflamaci\u00f3n, actividades del paciente, etc. Contamos con tratamientos para:<\/p>\n\n\n\n<div class=\"wp-block-group has-global-padding is-layout-constrained\">\n<div class=\"wp-block-columns is-not-stacked-on-mobile is-layout-flex wp-container-3\">\n<div class=\"wp-block-column is-layout-flow\">\n<ul class=\"ListItem\" style=\"font-size:0.8rem\">\n<li>Dolor de rodilla<\/li>\n\n\n\n<li>Dolor de espalda<\/li>\n\n\n\n<li>Esguinces<\/li>\n<\/ul>\n<\/div>\n\n\n\n<div class=\"wp-block-column is-layout-flow\">\n<ul class=\"ListItem\" style=\"font-size:0.8rem\">\n<li>Dolor de tobillo<\/li>\n\n\n\n<li>Dolor de hombro<\/li>\n\n\n\n<li>Contracturas, etc.<\/li>\n<\/ul>\n<\/div>\n<\/div>\n<\/div>\n\n\n\n<div class=\"wp-block-group has-global-padding is-content-justification-center is-layout-constrained\">\n<iframe loading=\"lazy\" width=\"310\" height=\"232\" src=\"https:\/\/www.youtube.com\/embed\/RkDSsfE7U14?autoplay=1&#038;playlist=RkDSsfE7U14&#038;loop=1&#038;mute=1&#038;rel=0&#038;showinfo=0\" title=\"Servicios COHEFI\" frameborder=\"0\" allow=\"accelerometer; autoplay; clipboard-write; encrypted-media; gyroscope; picture-in-picture; web-share\" allowfullscreen><\/iframe>\n<\/div>\n\n\n\n<figure class=\"wp-block-image aligncenter size-large\"><img decoding=\"async\" loading=\"lazy\" width=\"1024\" height=\"233\" src=\"https:\/\/cohefi.com\/wp-content\/uploads\/2023\/10\/InformesCohefi-1024x233.png\" alt=\"\" class=\"wp-image-532\" srcset=\"https:\/\/cohefi.com\/wp-content\/uploads\/2023\/10\/InformesCohefi-1024x233.png 1024w, https:\/\/cohefi.com\/wp-content\/uploads\/2023\/10\/InformesCohefi-300x68.png 300w, https:\/\/cohefi.com\/wp-content\/uploads\/2023\/10\/InformesCohefi-768x175.png 768w, https:\/\/cohefi.com\/wp-content\/uploads\/2023\/10\/InformesCohefi.png 1035w\" sizes=\"(max-width: 1024px) 100vw, 1024px\" \/><\/figure>\n\n\n\n<figure class=\"wp-block-image aligncenter size-full is-resized\"><a href=\"https:\/\/wa.link\/0pfky2\"><img decoding=\"async\" loading=\"lazy\" src=\"https:\/\/cohefi.com\/wp-content\/uploads\/2023\/08\/Boton_Agenda_Promocion.png\" alt=\"\" class=\"wp-image-438\" width=\"385\" height=\"83\" srcset=\"https:\/\/cohefi.com\/wp-content\/uploads\/2023\/08\/Boton_Agenda_Promocion.png 513w, https:\/\/cohefi.com\/wp-content\/uploads\/2023\/08\/Boton_Agenda_Promocion-300x65.png 300w\" sizes=\"(max-width: 385px) 100vw, 385px\" \/><\/a><\/figure>\n","protected":false},"excerpt":{"rendered":"<p>Somos una cl\u00ednica de rehabilitaci\u00f3n f\u00edsica y fisioterapia, ofrecemos terapias personalizadas bas\u00e1ndonos en el estado de la lesi\u00f3n, inflamaci\u00f3n, actividades del paciente, etc. Contamos con tratamientos para:<\/p>\n","protected":false},"author":1,"featured_media":0,"parent":0,"menu_order":0,"comment_status":"closed","ping_status":"closed","template":"blank","meta":[],"_links":{"self":[{"href":"https:\/\/cohefi.com\/index.php\/wp-json\/wp\/v2\/pages\/408"}],"collection":[{"href":"https:\/\/cohefi.com\/index.php\/wp-json\/wp\/v2\/pages"}],"about":[{"href":"https:\/\/cohefi.com\/index.php\/wp-json\/wp\/v2\/types\/page"}],"author":[{"embeddable":true,"href":"https:\/\/cohefi.com\/index.php\/wp-json\/wp\/v2\/users\/1"}],"replies":[{"embeddable":true,"href":"https:\/\/cohefi.com\/index.php\/wp-json\/wp\/v2\/comments?post=408"}],"version-history":[{"count":44,"href":"https:\/\/cohefi.com\/index.php\/wp-json\/wp\/v2\/pages\/408\/revisions"}],"predecessor-version":[{"id":538,"href":"https:\/\/cohefi.com\/index.php\/wp-json\/wp\/v2\/pages\/408\/revisions\/538"}],"wp:attachment":[{"href":"https:\/\/cohefi.com\/index.php\/wp-json\/wp\/v2\/media?parent=408"}],"curies":[{"name":"wp","href":"https:\/\/api.w.org\/{rel}","templated":true}]}}