{"id":383,"date":"2023-08-10T22:48:44","date_gmt":"2023-08-11T04:48:44","guid":{"rendered":"https:\/\/cohefi.com\/?page_id=383"},"modified":"2023-10-11T22:17:04","modified_gmt":"2023-10-12T04:17:04","slug":"infogral04","status":"publish","type":"page","link":"https:\/\/cohefi.com\/index.php\/infogral04\/","title":{"rendered":"InfoGral04"},"content":{"rendered":"\n<div class=\"wp-block-group has-global-padding is-layout-constrained\">\n<figure class=\"wp-block-image size-full is-resized\"><img decoding=\"async\" loading=\"lazy\" src=\"https:\/\/cohefi.com\/wp-content\/uploads\/2023\/07\/LogoCompletoAjustado.png\" alt=\"\" class=\"wp-image-155\" width=\"220\" height=\"50\" srcset=\"https:\/\/cohefi.com\/wp-content\/uploads\/2023\/07\/LogoCompletoAjustado.png 880w, https:\/\/cohefi.com\/wp-content\/uploads\/2023\/07\/LogoCompletoAjustado-300x68.png 300w, https:\/\/cohefi.com\/wp-content\/uploads\/2023\/07\/LogoCompletoAjustado-768x175.png 768w\" sizes=\"(max-width: 220px) 100vw, 220px\" \/><\/figure>\n<\/div>\n\n\n\n<p style=\"font-size:0.9rem\"><strong>Somos una cl\u00ednica de rehabilitaci\u00f3n f\u00edsica y fisioterapia<\/strong><\/p>\n\n\n\n<p style=\"font-size:0.9rem\"><strong>Realizamos tratamientos completamente personalizados en base a las necesidades de cada paciente<\/strong><\/p>\n\n\n\n<div style=\"height:10px\" aria-hidden=\"true\" class=\"wp-block-spacer\"><\/div>\n\n\n\n<figure class=\"wp-block-video aligncenter VideoLanding\" style=\"margin-top:0;margin-right:0;margin-bottom:0;margin-left:0;padding-top:0;padding-right:0;padding-bottom:0;padding-left:0\"><video autoplay controls loop muted poster=\"https:\/\/cohefi.com\/wp-content\/uploads\/2023\/07\/COHEFI_Clinica.jpg\" src=\"https:\/\/cohefi.com\/wp-content\/uploads\/2023\/07\/Cohefi_Servicios02.mp4\"><\/video><\/figure>\n\n\n\n<figure class=\"wp-block-image size-large\"><img decoding=\"async\" loading=\"lazy\" width=\"1024\" height=\"233\" src=\"https:\/\/cohefi.com\/wp-content\/uploads\/2023\/10\/InformesCohefi-1024x233.png\" alt=\"\" class=\"wp-image-532\" srcset=\"https:\/\/cohefi.com\/wp-content\/uploads\/2023\/10\/InformesCohefi-1024x233.png 1024w, https:\/\/cohefi.com\/wp-content\/uploads\/2023\/10\/InformesCohefi-300x68.png 300w, https:\/\/cohefi.com\/wp-content\/uploads\/2023\/10\/InformesCohefi-768x175.png 768w, https:\/\/cohefi.com\/wp-content\/uploads\/2023\/10\/InformesCohefi.png 1035w\" sizes=\"(max-width: 1024px) 100vw, 1024px\" \/><\/figure>\n\n\n\n<figure class=\"wp-block-image aligncenter size-full\"><a href=\"https:\/\/wa.link\/7xc93c\"><img decoding=\"async\" loading=\"lazy\" width=\"514\" height=\"111\" src=\"https:\/\/cohefi.com\/wp-content\/uploads\/2023\/08\/Boton_Agenda_Promocion20.png\" alt=\"\" class=\"wp-image-386\" srcset=\"https:\/\/cohefi.com\/wp-content\/uploads\/2023\/08\/Boton_Agenda_Promocion20.png 514w, https:\/\/cohefi.com\/wp-content\/uploads\/2023\/08\/Boton_Agenda_Promocion20-300x65.png 300w\" sizes=\"(max-width: 514px) 100vw, 514px\" \/><\/a><\/figure>\n","protected":false},"excerpt":{"rendered":"<p>Somos una cl\u00ednica de rehabilitaci\u00f3n f\u00edsica y fisioterapia Realizamos tratamientos completamente personalizados en base a las necesidades de cada paciente<\/p>\n","protected":false},"author":1,"featured_media":0,"parent":0,"menu_order":0,"comment_status":"closed","ping_status":"closed","template":"blank","meta":[],"_links":{"self":[{"href":"https:\/\/cohefi.com\/index.php\/wp-json\/wp\/v2\/pages\/383"}],"collection":[{"href":"https:\/\/cohefi.com\/index.php\/wp-json\/wp\/v2\/pages"}],"about":[{"href":"https:\/\/cohefi.com\/index.php\/wp-json\/wp\/v2\/types\/page"}],"author":[{"embeddable":true,"href":"https:\/\/cohefi.com\/index.php\/wp-json\/wp\/v2\/users\/1"}],"replies":[{"embeddable":true,"href":"https:\/\/cohefi.com\/index.php\/wp-json\/wp\/v2\/comments?post=383"}],"version-history":[{"count":15,"href":"https:\/\/cohefi.com\/index.php\/wp-json\/wp\/v2\/pages\/383\/revisions"}],"predecessor-version":[{"id":537,"href":"https:\/\/cohefi.com\/index.php\/wp-json\/wp\/v2\/pages\/383\/revisions\/537"}],"wp:attachment":[{"href":"https:\/\/cohefi.com\/index.php\/wp-json\/wp\/v2\/media?parent=383"}],"curies":[{"name":"wp","href":"https:\/\/api.w.org\/{rel}","templated":true}]}}