{"id":248,"date":"2023-07-23T21:49:28","date_gmt":"2023-07-24T03:49:28","guid":{"rendered":"https:\/\/cohefi.com\/?page_id=248"},"modified":"2023-07-31T22:20:05","modified_gmt":"2023-08-01T04:20:05","slug":"equipos","status":"publish","type":"page","link":"https:\/\/cohefi.com\/index.php\/equipos\/","title":{"rendered":"Equipos"},"content":{"rendered":"\n<p>En COHEFI cada terapia es diferente y adaptada a las necesidades de cada paciente, todo depende del estado de la lesi\u00f3n, temporalidad, inflamaci\u00f3n, localizaci\u00f3n, tejidos afectados, estructuras involucradas, compensaciones musculares, edad del paciente, enfermedades asociadas que pueda cursar el paciente, actividades de la vida diaria del paciente, etc. Por lo anterior en COHEFI contamos con diversos equipos para apoyar a nuestros pacientes en su recuperaci\u00f3n.<\/p>\n\n\n\n<div class=\"wp-block-media-text alignwide has-media-on-the-right is-stacked-on-mobile\"><div class=\"wp-block-media-text__content\">\n<h4 class=\"wp-block-heading has-text-align-center\"><strong>Ondas de choque<\/strong><\/h4>\n\n\n\n<p class=\"has-text-align-center\">Dentro de los usos m\u00e1s comunes, tenemos los tratamientos de tendinopat\u00eda rotularia y aquilea, tendinopat\u00eda del manguito rotador en el hombro y fascitis plantar entre otras.<\/p>\n<\/div><figure class=\"wp-block-media-text__media\"><img loading=\"lazy\" decoding=\"async\" width=\"1024\" height=\"770\" src=\"https:\/\/cohefi.com\/wp-content\/uploads\/2023\/07\/OndasChoque01-1024x770.jpg\" alt=\"\" class=\"wp-image-242 size-full\" srcset=\"https:\/\/cohefi.com\/wp-content\/uploads\/2023\/07\/OndasChoque01-1024x770.jpg 1024w, https:\/\/cohefi.com\/wp-content\/uploads\/2023\/07\/OndasChoque01-300x226.jpg 300w, https:\/\/cohefi.com\/wp-content\/uploads\/2023\/07\/OndasChoque01-768x577.jpg 768w, https:\/\/cohefi.com\/wp-content\/uploads\/2023\/07\/OndasChoque01.jpg 1080w\" sizes=\"auto, (max-width: 1024px) 100vw, 1024px\" \/><\/figure><\/div>\n\n\n\n<div class=\"wp-block-media-text alignwide has-media-on-the-right is-stacked-on-mobile\"><div class=\"wp-block-media-text__content\">\n<h4 class=\"wp-block-heading has-text-align-center\"><strong>L\u00e1ser<\/strong><\/h4>\n\n\n\n<p class=\"has-text-align-center\">Se utiliza para ayudar en el alivio del dolor, nos permite la reducci\u00f3n de inflamaciones y contribuye en la estimulaci\u00f3n para la regeneraci\u00f3n de los tejidos.<\/p>\n<\/div><figure class=\"wp-block-media-text__media\"><img loading=\"lazy\" decoding=\"async\" width=\"1024\" height=\"694\" src=\"https:\/\/cohefi.com\/wp-content\/uploads\/2023\/07\/Laser01-1024x694.jpg\" alt=\"\" class=\"wp-image-240 size-full\" srcset=\"https:\/\/cohefi.com\/wp-content\/uploads\/2023\/07\/Laser01-1024x694.jpg 1024w, https:\/\/cohefi.com\/wp-content\/uploads\/2023\/07\/Laser01-300x203.jpg 300w, https:\/\/cohefi.com\/wp-content\/uploads\/2023\/07\/Laser01-768x521.jpg 768w, https:\/\/cohefi.com\/wp-content\/uploads\/2023\/07\/Laser01.jpg 1080w\" sizes=\"auto, (max-width: 1024px) 100vw, 1024px\" \/><\/figure><\/div>\n\n\n\n<div class=\"wp-block-media-text alignwide has-media-on-the-right is-stacked-on-mobile\"><div class=\"wp-block-media-text__content\">\n<h4 class=\"wp-block-heading has-text-align-center\"><strong>Ultrasonido<\/strong><\/h4>\n\n\n\n<p class=\"has-text-align-center\">Se utiliza para inducir calor hacia los tejidos como m\u00fasculos, articulaciones o tendones, con la finalidad de disminuir la inflamaci\u00f3n y por otro lado contribuye en la regeneraci\u00f3n del tejido.<\/p>\n<\/div><figure class=\"wp-block-media-text__media\"><img loading=\"lazy\" decoding=\"async\" width=\"889\" height=\"1024\" src=\"https:\/\/cohefi.com\/wp-content\/uploads\/2023\/07\/Ultrasonido01-889x1024.jpg\" alt=\"\" class=\"wp-image-245 size-full\" srcset=\"https:\/\/cohefi.com\/wp-content\/uploads\/2023\/07\/Ultrasonido01-889x1024.jpg 889w, https:\/\/cohefi.com\/wp-content\/uploads\/2023\/07\/Ultrasonido01-260x300.jpg 260w, https:\/\/cohefi.com\/wp-content\/uploads\/2023\/07\/Ultrasonido01-768x885.jpg 768w, https:\/\/cohefi.com\/wp-content\/uploads\/2023\/07\/Ultrasonido01.jpg 1200w\" sizes=\"auto, (max-width: 889px) 100vw, 889px\" \/><\/figure><\/div>\n\n\n\n<div class=\"wp-block-media-text alignwide has-media-on-the-right is-stacked-on-mobile\"><div class=\"wp-block-media-text__content\">\n<h4 class=\"wp-block-heading has-text-align-center\"><strong>Electro estimulador<\/strong><\/h4>\n\n\n\n<p class=\"has-text-align-center\">Con la ayuda de la electroterapia se pueden estimular diversas zonas del organismo que son afectadas por inflamaciones, dolor nervioso, m\u00fasculos atrofiados y lesiones osteomusculares.<\/p>\n<\/div><figure class=\"wp-block-media-text__media\"><img loading=\"lazy\" decoding=\"async\" width=\"1024\" height=\"461\" src=\"https:\/\/cohefi.com\/wp-content\/uploads\/2023\/07\/Tens01-1024x461.jpg\" alt=\"\" class=\"wp-image-244 size-full\" srcset=\"https:\/\/cohefi.com\/wp-content\/uploads\/2023\/07\/Tens01-1024x461.jpg 1024w, https:\/\/cohefi.com\/wp-content\/uploads\/2023\/07\/Tens01-300x135.jpg 300w, https:\/\/cohefi.com\/wp-content\/uploads\/2023\/07\/Tens01-768x346.jpg 768w, https:\/\/cohefi.com\/wp-content\/uploads\/2023\/07\/Tens01-1536x691.jpg 1536w, https:\/\/cohefi.com\/wp-content\/uploads\/2023\/07\/Tens01-2048x922.jpg 2048w\" sizes=\"auto, (max-width: 1024px) 100vw, 1024px\" \/><\/figure><\/div>\n\n\n\n<div class=\"wp-block-media-text alignwide has-media-on-the-right is-stacked-on-mobile\"><div class=\"wp-block-media-text__content\">\n<h4 class=\"wp-block-heading has-text-align-center\"><strong>Presoterapia<\/strong><\/h4>\n\n\n\n<p class=\"has-text-align-center\">La presoterapia se utiliza com\u00fanmente para: alivio de piernas cansadas, mejoramiento de la circulaci\u00f3n sangu\u00ednea as\u00ed como tratamiento de retenci\u00f3n de l\u00edquidos, esta t\u00e9cnica promueve la oxigenaci\u00f3n de los tejidos.<\/p>\n<\/div><figure class=\"wp-block-media-text__media\"><img loading=\"lazy\" decoding=\"async\" width=\"1024\" height=\"740\" src=\"https:\/\/cohefi.com\/wp-content\/uploads\/2023\/07\/Presoterapia01-1024x740.jpg\" alt=\"\" class=\"wp-image-243 size-full\" srcset=\"https:\/\/cohefi.com\/wp-content\/uploads\/2023\/07\/Presoterapia01-1024x740.jpg 1024w, https:\/\/cohefi.com\/wp-content\/uploads\/2023\/07\/Presoterapia01-300x217.jpg 300w, https:\/\/cohefi.com\/wp-content\/uploads\/2023\/07\/Presoterapia01-768x555.jpg 768w, https:\/\/cohefi.com\/wp-content\/uploads\/2023\/07\/Presoterapia01-1536x1110.jpg 1536w, https:\/\/cohefi.com\/wp-content\/uploads\/2023\/07\/Presoterapia01-2048x1480.jpg 2048w\" sizes=\"auto, (max-width: 1024px) 100vw, 1024px\" \/><\/figure><\/div>\n\n\n\n<div class=\"wp-block-media-text alignwide has-media-on-the-right is-stacked-on-mobile\" style=\"grid-template-columns:auto 25%\"><div class=\"wp-block-media-text__content\">\n<h4 class=\"wp-block-heading has-text-align-center\"><strong>Barras suecas<\/strong><\/h4>\n\n\n\n<p class=\"has-text-align-center\">Se utilizan en terapias de fortalecimiento de miembros superiores como  inferiores o tambi\u00e9n para columna lumbar. Se pueden realizar estimulaciones para bipedestaci\u00f3n, balance, equilibrio y estiramiento muscular.<\/p>\n<\/div><figure class=\"wp-block-media-text__media\"><img loading=\"lazy\" decoding=\"async\" width=\"453\" height=\"1024\" src=\"https:\/\/cohefi.com\/wp-content\/uploads\/2023\/07\/BarrasSuecas01-453x1024.jpg\" alt=\"\" class=\"wp-image-247 size-large\" srcset=\"https:\/\/cohefi.com\/wp-content\/uploads\/2023\/07\/BarrasSuecas01-453x1024.jpg 453w, https:\/\/cohefi.com\/wp-content\/uploads\/2023\/07\/BarrasSuecas01-133x300.jpg 133w, https:\/\/cohefi.com\/wp-content\/uploads\/2023\/07\/BarrasSuecas01-768x1738.jpg 768w, https:\/\/cohefi.com\/wp-content\/uploads\/2023\/07\/BarrasSuecas01-679x1536.jpg 679w, https:\/\/cohefi.com\/wp-content\/uploads\/2023\/07\/BarrasSuecas01-905x2048.jpg 905w, https:\/\/cohefi.com\/wp-content\/uploads\/2023\/07\/BarrasSuecas01-scaled.jpg 1131w\" sizes=\"auto, (max-width: 453px) 100vw, 453px\" \/><\/figure><\/div>\n\n\n\n<div class=\"wp-block-media-text alignwide has-media-on-the-right is-stacked-on-mobile\"><div class=\"wp-block-media-text__content\">\n<h4 class=\"wp-block-heading has-text-align-center\"><strong>Mancuernas y polainas<\/strong><\/h4>\n\n\n\n<p class=\"has-text-align-center\">Los elementos de fuerza y resistencia son instrumentos que ayudan la resistencia muscular.<\/p>\n<\/div><figure class=\"wp-block-media-text__media\"><img loading=\"lazy\" decoding=\"async\" width=\"986\" height=\"1024\" src=\"https:\/\/cohefi.com\/wp-content\/uploads\/2023\/07\/MancuernasYPolainas01-986x1024.jpg\" alt=\"\" class=\"wp-image-241 size-full\" srcset=\"https:\/\/cohefi.com\/wp-content\/uploads\/2023\/07\/MancuernasYPolainas01-986x1024.jpg 986w, https:\/\/cohefi.com\/wp-content\/uploads\/2023\/07\/MancuernasYPolainas01-289x300.jpg 289w, https:\/\/cohefi.com\/wp-content\/uploads\/2023\/07\/MancuernasYPolainas01-768x797.jpg 768w, https:\/\/cohefi.com\/wp-content\/uploads\/2023\/07\/MancuernasYPolainas01-1480x1536.jpg 1480w, https:\/\/cohefi.com\/wp-content\/uploads\/2023\/07\/MancuernasYPolainas01-1973x2048.jpg 1973w\" sizes=\"auto, (max-width: 986px) 100vw, 986px\" \/><\/figure><\/div>\n\n\n\n<div class=\"wp-block-media-text alignwide has-media-on-the-right is-stacked-on-mobile\"><div class=\"wp-block-media-text__content\">\n<h4 class=\"wp-block-heading has-text-align-center\"><strong>Barras paralelas<\/strong><\/h4>\n\n\n\n<p class=\"has-text-align-center\">Pueden ser usadas para el entrenamiento y reeducaci\u00f3n de la marcha asistida, con descarga parcial de paso, entre otras cosas.<\/p>\n<\/div><figure class=\"wp-block-media-text__media\"><img loading=\"lazy\" decoding=\"async\" width=\"768\" height=\"1024\" src=\"https:\/\/cohefi.com\/wp-content\/uploads\/2023\/07\/BarrasParalelas01-768x1024.jpg\" alt=\"\" class=\"wp-image-246 size-full\" srcset=\"https:\/\/cohefi.com\/wp-content\/uploads\/2023\/07\/BarrasParalelas01-768x1024.jpg 768w, https:\/\/cohefi.com\/wp-content\/uploads\/2023\/07\/BarrasParalelas01-225x300.jpg 225w, https:\/\/cohefi.com\/wp-content\/uploads\/2023\/07\/BarrasParalelas01-1152x1536.jpg 1152w, https:\/\/cohefi.com\/wp-content\/uploads\/2023\/07\/BarrasParalelas01.jpg 1200w\" sizes=\"auto, (max-width: 768px) 100vw, 768px\" \/><\/figure><\/div>\n","protected":false},"excerpt":{"rendered":"<p>En COHEFI cada terapia es diferente y adaptada a las necesidades de cada paciente, todo depende del estado de la lesi\u00f3n, temporalidad, inflamaci\u00f3n, localizaci\u00f3n, tejidos afectados, estructuras involucradas, compensaciones musculares, edad del paciente, enfermedades asociadas que pueda cursar el paciente, actividades de la vida diaria del paciente, etc. Por lo anterior en COHEFI contamos con [&hellip;]<\/p>\n","protected":false},"author":1,"featured_media":0,"parent":0,"menu_order":0,"comment_status":"closed","ping_status":"closed","template":"","meta":{"footnotes":""},"class_list":["post-248","page","type-page","status-publish","hentry"],"_links":{"self":[{"href":"https:\/\/cohefi.com\/index.php\/wp-json\/wp\/v2\/pages\/248","targetHints":{"allow":["GET"]}}],"collection":[{"href":"https:\/\/cohefi.com\/index.php\/wp-json\/wp\/v2\/pages"}],"about":[{"href":"https:\/\/cohefi.com\/index.php\/wp-json\/wp\/v2\/types\/page"}],"author":[{"embeddable":true,"href":"https:\/\/cohefi.com\/index.php\/wp-json\/wp\/v2\/users\/1"}],"replies":[{"embeddable":true,"href":"https:\/\/cohefi.com\/index.php\/wp-json\/wp\/v2\/comments?post=248"}],"version-history":[{"count":7,"href":"https:\/\/cohefi.com\/index.php\/wp-json\/wp\/v2\/pages\/248\/revisions"}],"predecessor-version":[{"id":380,"href":"https:\/\/cohefi.com\/index.php\/wp-json\/wp\/v2\/pages\/248\/revisions\/380"}],"wp:attachment":[{"href":"https:\/\/cohefi.com\/index.php\/wp-json\/wp\/v2\/media?parent=248"}],"curies":[{"name":"wp","href":"https:\/\/api.w.org\/{rel}","templated":true}]}}