{"id":222,"date":"2023-07-20T22:34:30","date_gmt":"2023-07-21T04:34:30","guid":{"rendered":"https:\/\/cohefi.com\/?page_id=222"},"modified":"2023-07-29T19:31:54","modified_gmt":"2023-07-30T01:31:54","slug":"padecimientos","status":"publish","type":"page","link":"https:\/\/cohefi.com\/index.php\/padecimientos\/","title":{"rendered":"Padecimientos"},"content":{"rendered":"\n<div class=\"wp-block-media-text alignwide is-stacked-on-mobile\"><figure class=\"wp-block-media-text__media\"><img loading=\"lazy\" decoding=\"async\" width=\"1024\" height=\"683\" src=\"https:\/\/cohefi.com\/wp-content\/uploads\/2023\/07\/Cohefi06-1024x683.png\" alt=\"\" class=\"wp-image-223 size-full\" srcset=\"https:\/\/cohefi.com\/wp-content\/uploads\/2023\/07\/Cohefi06-1024x683.png 1024w, https:\/\/cohefi.com\/wp-content\/uploads\/2023\/07\/Cohefi06-300x200.png 300w, https:\/\/cohefi.com\/wp-content\/uploads\/2023\/07\/Cohefi06-768x512.png 768w, https:\/\/cohefi.com\/wp-content\/uploads\/2023\/07\/Cohefi06-1536x1024.png 1536w, https:\/\/cohefi.com\/wp-content\/uploads\/2023\/07\/Cohefi06-2048x1365.png 2048w\" sizes=\"auto, (max-width: 1024px) 100vw, 1024px\" \/><\/figure><div class=\"wp-block-media-text__content\">\n<h4 class=\"wp-block-heading\"><strong>Condromalacia Rotuliana<\/strong><\/h4>\n\n\n\n<p>Se caracteriza por la degeneraci\u00f3n de la superficie articular del cart\u00edlago que constituye la capsula posterior de la rodilla. Por las diferencias en las causas que ocasionan este padecimiento se vuelven importantes las pruebas, as\u00ed como los estudios en caso de ser solicitados, para la planificaci\u00f3n id\u00f3nea de la terapia individualizada para cada caso.<\/p>\n\n\n\n<p><strong>Signos<\/strong><\/p>\n\n\n\n<ul class=\"wp-block-list\">\n<li>Malestar alrededor o detr\u00e1s de la rotula<\/li>\n\n\n\n<li>Dolor que aparece al estar sentado durante largo tiempo<\/li>\n\n\n\n<li>Dolor al permanecer de pie largo tiempo<\/li>\n\n\n\n<li>Debilidad de cu\u00e1driceps<\/li>\n<\/ul>\n\n\n\n<p><strong>Causas<\/strong><\/p>\n\n\n\n<ul class=\"wp-block-list\">\n<li>Sobrepeso<\/li>\n\n\n\n<li>Uso de calzado inadecuado<\/li>\n\n\n\n<li>Atrofia o debilidad muscular<\/li>\n\n\n\n<li>Rodillas en valgo<\/li>\n\n\n\n<li>Alteraciones de la columna<\/li>\n\n\n\n<li>Alteraciones biomec\u00e1nicas de la marcha y la carrera<\/li>\n\n\n\n<li>Acortamiento de la musculatura de la parte posterior del muslo.<\/li>\n<\/ul>\n<\/div><\/div>\n\n\n\n<div class=\"wp-block-media-text alignwide has-media-on-the-right is-stacked-on-mobile\"><div class=\"wp-block-media-text__content\">\n<h4 class=\"wp-block-heading\"><strong>Tendinopat\u00edas<\/strong><\/h4>\n\n\n\n<p>Los tendones son un elemento fundamental en nuestro cuerpo, que se encuentran situados entre el m\u00fasculo y el hueso, permitiendo transmitir fuerzas dando de est\u00e1 manera  lugar al movimiento. Existen diversas causas que pueden da\u00f1ar nuestros tendones, a grandes rasgos podemos dividirlas en dos grupos agudas (roturas, laceraciones, contusiones) y cr\u00f3nicas (sobrecarga).<\/p>\n\n\n\n<p>Ante cualquiera da\u00f1o independientemente de los dos grupos de causas mencionadas anteriormente, un abordaje terap\u00e9utico id\u00f3neo nos ayudara a minimizar la afectaci\u00f3n, la terapia depender\u00e1 de la evaluaci\u00f3n que se realice, ya que es importante identificar en qu\u00e9 fase se encuentra la lesi\u00f3n para tener los elementos necesarios para colocar los agentes fiscos y ejercicios terap\u00e9uticos correspondientes.<\/p>\n<\/div><figure class=\"wp-block-media-text__media\"><img loading=\"lazy\" decoding=\"async\" width=\"1024\" height=\"683\" src=\"https:\/\/cohefi.com\/wp-content\/uploads\/2023\/07\/Cohefi02-1024x683.png\" alt=\"\" class=\"wp-image-219 size-full\" srcset=\"https:\/\/cohefi.com\/wp-content\/uploads\/2023\/07\/Cohefi02-1024x683.png 1024w, https:\/\/cohefi.com\/wp-content\/uploads\/2023\/07\/Cohefi02-300x200.png 300w, https:\/\/cohefi.com\/wp-content\/uploads\/2023\/07\/Cohefi02-768x512.png 768w, https:\/\/cohefi.com\/wp-content\/uploads\/2023\/07\/Cohefi02-1536x1024.png 1536w, https:\/\/cohefi.com\/wp-content\/uploads\/2023\/07\/Cohefi02-2048x1365.png 2048w\" sizes=\"auto, (max-width: 1024px) 100vw, 1024px\" \/><\/figure><\/div>\n\n\n\n<div class=\"wp-block-media-text alignwide is-stacked-on-mobile\"><figure class=\"wp-block-media-text__media\"><img loading=\"lazy\" decoding=\"async\" width=\"1024\" height=\"683\" src=\"https:\/\/cohefi.com\/wp-content\/uploads\/2023\/07\/Cohefi08-1024x683.png\" alt=\"\" class=\"wp-image-225 size-full\" srcset=\"https:\/\/cohefi.com\/wp-content\/uploads\/2023\/07\/Cohefi08-1024x683.png 1024w, https:\/\/cohefi.com\/wp-content\/uploads\/2023\/07\/Cohefi08-300x200.png 300w, https:\/\/cohefi.com\/wp-content\/uploads\/2023\/07\/Cohefi08-768x512.png 768w, https:\/\/cohefi.com\/wp-content\/uploads\/2023\/07\/Cohefi08-1536x1024.png 1536w, https:\/\/cohefi.com\/wp-content\/uploads\/2023\/07\/Cohefi08-2048x1365.png 2048w\" sizes=\"auto, (max-width: 1024px) 100vw, 1024px\" \/><\/figure><div class=\"wp-block-media-text__content\">\n<h4 class=\"wp-block-heading\"><strong>Ciatalgia<\/strong><\/h4>\n\n\n\n<p>Se conoce como una manifestaci\u00f3n dolorosa que se irradia a lo largo del trayecto del nervio ci\u00e1tico producida por una lesi\u00f3n o compresi\u00f3n del nervio; dicho nervio recorre la zona lumbar, zona gl\u00fatea, parte posterior de la pierna, tobillo y pie.<\/p>\n\n\n\n<p>Se puede presentar dolor, debilidad, entumecimiento, hormigueo, inmovilidad de la columna, debilidad, limitaci\u00f3n de movimiento de la pierna afectada y trastornos en la sensibilidad en el trayecto del nervio. Las personas con ci\u00e1tica grave que est\u00e1 relacionada con una debilidad significativa en la pierna o con cambios en el intestino o en la vejiga podr\u00edan ser candidatas a una cirug\u00eda.<\/p>\n\n\n\n<p>La ciatalgia llega a ser un s\u00edntoma de otro problema m\u00e9dico, las causas m\u00e1s frecuentes de adquirir esta molestia son por hernias discales en zona lumbar o lumbosacra, espol\u00f3n \u00f3seo en columna vertebral o por un estrechamiento en la columna vertebral.<\/p>\n<\/div><\/div>\n\n\n\n<div class=\"wp-block-media-text alignwide has-media-on-the-right is-stacked-on-mobile\"><div class=\"wp-block-media-text__content\">\n<h4 class=\"wp-block-heading\"><strong>S\u00edndrome del T\u00fanel del Carpo<\/strong><\/h4>\n\n\n\n<p>El t\u00fanel carpiano es un canal en la cara anterior de la mu\u00f1eca, situado entre los huesos de la mu\u00f1eca y el ligamento anular del carpo, por el cual pasan los tendones flexores de los dedos y el nervio mediano; este nervio desciende por el brazo llegando a la mu\u00f1eca y mano, proporcionando la sensibilidad del dedo pulgar, \u00edndice, medio y anular.<\/p>\n\n\n\n<p>El s\u00edndrome del t\u00fanel carpiano es una afecci\u00f3n en la cual el nervio mediano se comprime en su paso por el canal en la mu\u00f1eca denominado t\u00fanel carpiano.<\/p>\n\n\n\n<p>Se llega a producir por un aumento en la presi\u00f3n del nervio mediano dentro del t\u00fanel carpiano com\u00fanmente causado por inflamaci\u00f3n en la mu\u00f1eca, lesi\u00f3n del nervio, por movimientos repetitivos de mano o mu\u00f1eca, hereditario o artritis.<\/p>\n\n\n\n<p>Esta compresi\u00f3n del nervio da como resultado dolor, entumecimiento, hormigueo y debilidad en la mano, si no se llega a tratar a tiempo la mano se llega a entorpecer al manipular objetos.<\/p>\n<\/div><figure class=\"wp-block-media-text__media\"><img loading=\"lazy\" decoding=\"async\" width=\"1024\" height=\"683\" src=\"https:\/\/cohefi.com\/wp-content\/uploads\/2023\/07\/Cohefi12-1024x683.png\" alt=\"\" class=\"wp-image-218 size-full\" srcset=\"https:\/\/cohefi.com\/wp-content\/uploads\/2023\/07\/Cohefi12-1024x683.png 1024w, https:\/\/cohefi.com\/wp-content\/uploads\/2023\/07\/Cohefi12-300x200.png 300w, https:\/\/cohefi.com\/wp-content\/uploads\/2023\/07\/Cohefi12-768x512.png 768w, https:\/\/cohefi.com\/wp-content\/uploads\/2023\/07\/Cohefi12-1536x1024.png 1536w, https:\/\/cohefi.com\/wp-content\/uploads\/2023\/07\/Cohefi12-2048x1365.png 2048w\" sizes=\"auto, (max-width: 1024px) 100vw, 1024px\" \/><\/figure><\/div>\n\n\n\n<div class=\"wp-block-media-text alignwide is-stacked-on-mobile\"><figure class=\"wp-block-media-text__media\"><img loading=\"lazy\" decoding=\"async\" width=\"1024\" height=\"615\" src=\"https:\/\/cohefi.com\/wp-content\/uploads\/2023\/07\/Cohefi09-1024x615.png\" alt=\"\" class=\"wp-image-228 size-full\" srcset=\"https:\/\/cohefi.com\/wp-content\/uploads\/2023\/07\/Cohefi09-1024x615.png 1024w, https:\/\/cohefi.com\/wp-content\/uploads\/2023\/07\/Cohefi09-300x180.png 300w, https:\/\/cohefi.com\/wp-content\/uploads\/2023\/07\/Cohefi09-768x461.png 768w, https:\/\/cohefi.com\/wp-content\/uploads\/2023\/07\/Cohefi09-1536x923.png 1536w, https:\/\/cohefi.com\/wp-content\/uploads\/2023\/07\/Cohefi09-2048x1230.png 2048w\" sizes=\"auto, (max-width: 1024px) 100vw, 1024px\" \/><\/figure><div class=\"wp-block-media-text__content\">\n<h4 class=\"wp-block-heading\"><strong>Hernia Discal<\/strong><\/h4>\n\n\n\n<p>Nuestra columna vertebral est\u00e1 formada por vertebras, entre cada vertebra se encuentra una almohadilla llamada disco intervertebral que cuentan con un n\u00facleo que act\u00faa como amortiguador de golpes y evita que las v\u00e9rtebras choquen entre ellas y tambi\u00e9n permiten el movimiento entre ellas.<\/p>\n\n\n\n<p>Una hernia de disco es un desplazamiento o salida del n\u00facleo discal hacia la ra\u00edz nerviosa presion\u00e1ndola y produciendo un intenso dolor, es consecuente de la perdida de elasticidad del disco intervertebral que puede ser causada por el envejecimiento, malas posturas, sobre peso o gen\u00e9tica.<\/p>\n\n\n\n<p>Los s\u00edntomas que se presentan dependen de la zona de la hernia discal, algunos s\u00edntomas son dolor en la espalda, adormecimiento en extremidades, debilidad en extremidades, dolor de cabeza, p\u00e9rdida de control de la vejiga, dificultades en intestinos y disminuci\u00f3n de flexibilidad.<\/p>\n<\/div><\/div>\n\n\n\n<div class=\"wp-block-media-text alignwide has-media-on-the-right is-stacked-on-mobile\"><div class=\"wp-block-media-text__content\">\n<h4 class=\"wp-block-heading\"><strong>S\u00edndrome del Desfiladero tor\u00e1cico<\/strong><\/h4>\n\n\n\n<p>El desfiladero tor\u00e1cico se define como el espacio que se encuentra entre la clav\u00edcula y la primera costilla, por ese espacio pasan nervios, venas y arterias.<\/p>\n\n\n\n<p>El s\u00edndrome del desfiladero tor\u00e1cico se refiere a la compresi\u00f3n de los nervios, venas y arterias que pasan por el desfiladero tor\u00e1cico. La compresi\u00f3n puede ocurrir entre los m\u00fasculos del cuello y el hombro o entre la primera costilla y la clav\u00edcula. Dependiendo que estructura se est\u00e9 comprimiendo se generaran los s\u00edntomas.<\/p>\n\n\n\n<p>Alguno de los s\u00edntomas que se presentan son dolor de cuello, hombro o mano, adormecimiento en brazo o mano, palidez en dedos (tambi\u00e9n puede verse azulada), pulso d\u00e9bil, debilidad en todo el brazo o mano, fatiga r\u00e1pida e hinchaz\u00f3n de brazo.<\/p>\n\n\n\n<p>Puede ser causado por alteraciones en los huesos, malas posturas, golpes, actividades repetitivas que irriten la zona, presi\u00f3n excesiva en hombro y embarazo.<\/p>\n<\/div><figure class=\"wp-block-media-text__media\"><img loading=\"lazy\" decoding=\"async\" width=\"1024\" height=\"683\" src=\"https:\/\/cohefi.com\/wp-content\/uploads\/2023\/07\/Cohefi03-1024x683.png\" alt=\"\" class=\"wp-image-220 size-full\" srcset=\"https:\/\/cohefi.com\/wp-content\/uploads\/2023\/07\/Cohefi03-1024x683.png 1024w, https:\/\/cohefi.com\/wp-content\/uploads\/2023\/07\/Cohefi03-300x200.png 300w, https:\/\/cohefi.com\/wp-content\/uploads\/2023\/07\/Cohefi03-768x512.png 768w, https:\/\/cohefi.com\/wp-content\/uploads\/2023\/07\/Cohefi03-1536x1024.png 1536w, https:\/\/cohefi.com\/wp-content\/uploads\/2023\/07\/Cohefi03-2048x1365.png 2048w\" sizes=\"auto, (max-width: 1024px) 100vw, 1024px\" \/><\/figure><\/div>\n\n\n\n<div class=\"wp-block-media-text alignwide is-stacked-on-mobile\"><figure class=\"wp-block-media-text__media\"><img loading=\"lazy\" decoding=\"async\" width=\"1024\" height=\"683\" src=\"https:\/\/cohefi.com\/wp-content\/uploads\/2023\/07\/Cohefi05-1024x683.png\" alt=\"\" class=\"wp-image-231 size-full\" srcset=\"https:\/\/cohefi.com\/wp-content\/uploads\/2023\/07\/Cohefi05-1024x683.png 1024w, https:\/\/cohefi.com\/wp-content\/uploads\/2023\/07\/Cohefi05-300x200.png 300w, https:\/\/cohefi.com\/wp-content\/uploads\/2023\/07\/Cohefi05-768x512.png 768w, https:\/\/cohefi.com\/wp-content\/uploads\/2023\/07\/Cohefi05-1536x1024.png 1536w, https:\/\/cohefi.com\/wp-content\/uploads\/2023\/07\/Cohefi05-2048x1365.png 2048w\" sizes=\"auto, (max-width: 1024px) 100vw, 1024px\" \/><\/figure><div class=\"wp-block-media-text__content\">\n<h4 class=\"wp-block-heading\"><strong>Lumbalgia<\/strong><\/h4>\n\n\n\n<p>Se define como dolor o malestar entre el borde inferior de las ultimas costillas y el pliegue inferior de la zona gl\u00fatea, con o sin irradiaci\u00f3n a una o ambas piernas. Generalmente se trata de un dolor musculoesquel\u00e9tico.<\/p>\n\n\n\n<p>Causas:<\/p>\n\n\n\n<ul class=\"wp-block-list\">\n<li>Esfuerzo laboral<\/li>\n\n\n\n<li>Sobrepeso<\/li>\n\n\n\n<li>Edad de 20 a 55 a\u00f1os<\/li>\n\n\n\n<li>Condici\u00f3n f\u00edsica<\/li>\n\n\n\n<li>Flexiones y giros frecuentes del tronco<\/li>\n\n\n\n<li>Traumatismo intenso<\/li>\n<\/ul>\n\n\n\n<p>S\u00edntomas:<\/p>\n\n\n\n<ul class=\"wp-block-list\">\n<li>Dolor al agacharse, generalmente inicia tras notarse un \u201cchasquido \u201cen la zona lumbar.<\/li>\n\n\n\n<li>Dolor que aumenta con los esfuerzos y sedestaci\u00f3n prolongada.<\/li>\n\n\n\n<li>Dolor agudo en zona lumbar.<\/li>\n<\/ul>\n<\/div><\/div>\n\n\n\n<div class=\"wp-block-media-text alignwide has-media-on-the-right is-stacked-on-mobile\"><div class=\"wp-block-media-text__content\">\n<h4 class=\"wp-block-heading\"><strong>Hombro doloroso<\/strong><\/h4>\n\n\n\n<p>Se caracteriza por la presencia del dolor y limitaci\u00f3n de la movilidad. Las molestias iniciales pueden ser tan leves que no se les da mayor importancia. Las causas suelen ser muy diversas sin embrago los m\u00e1s com\u00fan son afectaciones del tejido blando tales como tendones que forman el manguito rotador, porci\u00f3n larga del b\u00edceps, capsula articular, bolsas sinoviales.<\/p>\n\n\n\n<p>Signos:<\/p>\n\n\n\n<ul class=\"wp-block-list\">\n<li>Dolor del hombro<\/li>\n\n\n\n<li>Inflamaci\u00f3n<\/li>\n\n\n\n<li>Dolor escapular<\/li>\n\n\n\n<li>Limitaci\u00f3n dolorosa<\/li>\n\n\n\n<li>Disminuci\u00f3n de arcos de movimiento.<\/li>\n\n\n\n<li>Irradiaci\u00f3n del dolor por el miembro superior codo e incluso mano<\/li>\n<\/ul>\n\n\n\n<p>Causas:<\/p>\n\n\n\n<ul class=\"wp-block-list\">\n<li>Movimientos repetitivos por encima de la cabeza<\/li>\n\n\n\n<li>&nbsp;Inestabilidad articular<\/li>\n\n\n\n<li>Problemas cervicales<\/li>\n\n\n\n<li>Ca\u00eddas sobre el hombro<\/li>\n\n\n\n<li>Esfuerzo laboral<\/li>\n<\/ul>\n<\/div><figure class=\"wp-block-media-text__media\"><img loading=\"lazy\" decoding=\"async\" width=\"1024\" height=\"825\" src=\"https:\/\/cohefi.com\/wp-content\/uploads\/2023\/07\/Cohefi04-1024x825.png\" alt=\"\" class=\"wp-image-221 size-full\" srcset=\"https:\/\/cohefi.com\/wp-content\/uploads\/2023\/07\/Cohefi04-1024x825.png 1024w, https:\/\/cohefi.com\/wp-content\/uploads\/2023\/07\/Cohefi04-300x242.png 300w, https:\/\/cohefi.com\/wp-content\/uploads\/2023\/07\/Cohefi04-768x619.png 768w, https:\/\/cohefi.com\/wp-content\/uploads\/2023\/07\/Cohefi04-1536x1237.png 1536w, https:\/\/cohefi.com\/wp-content\/uploads\/2023\/07\/Cohefi04-2048x1649.png 2048w\" sizes=\"auto, (max-width: 1024px) 100vw, 1024px\" \/><\/figure><\/div>\n","protected":false},"excerpt":{"rendered":"<p>Tendinopat\u00edas Los tendones son un elemento fundamental en nuestro cuerpo, que se encuentran situados entre el m\u00fasculo y el hueso, permitiendo transmitir fuerzas dando de est\u00e1 manera lugar al movimiento. Existen diversas causas que pueden da\u00f1ar nuestros tendones, a grandes rasgos podemos dividirlas en dos grupos agudas (roturas, laceraciones, contusiones) y cr\u00f3nicas (sobrecarga). Ante cualquiera [&hellip;]<\/p>\n","protected":false},"author":1,"featured_media":0,"parent":0,"menu_order":0,"comment_status":"closed","ping_status":"closed","template":"","meta":{"footnotes":""},"class_list":["post-222","page","type-page","status-publish","hentry"],"_links":{"self":[{"href":"https:\/\/cohefi.com\/index.php\/wp-json\/wp\/v2\/pages\/222","targetHints":{"allow":["GET"]}}],"collection":[{"href":"https:\/\/cohefi.com\/index.php\/wp-json\/wp\/v2\/pages"}],"about":[{"href":"https:\/\/cohefi.com\/index.php\/wp-json\/wp\/v2\/types\/page"}],"author":[{"embeddable":true,"href":"https:\/\/cohefi.com\/index.php\/wp-json\/wp\/v2\/users\/1"}],"replies":[{"embeddable":true,"href":"https:\/\/cohefi.com\/index.php\/wp-json\/wp\/v2\/comments?post=222"}],"version-history":[{"count":9,"href":"https:\/\/cohefi.com\/index.php\/wp-json\/wp\/v2\/pages\/222\/revisions"}],"predecessor-version":[{"id":354,"href":"https:\/\/cohefi.com\/index.php\/wp-json\/wp\/v2\/pages\/222\/revisions\/354"}],"wp:attachment":[{"href":"https:\/\/cohefi.com\/index.php\/wp-json\/wp\/v2\/media?parent=222"}],"curies":[{"name":"wp","href":"https:\/\/api.w.org\/{rel}","templated":true}]}}