{"id":206,"date":"2023-07-20T21:37:38","date_gmt":"2023-07-21T03:37:38","guid":{"rendered":"https:\/\/cohefi.com\/?page_id=206"},"modified":"2023-10-17T22:19:09","modified_gmt":"2023-10-18T04:19:09","slug":"como-llegar","status":"publish","type":"page","link":"https:\/\/cohefi.com\/index.php\/como-llegar\/","title":{"rendered":"\u00bfC\u00f3mo llegar?"},"content":{"rendered":"\n<div class=\"wp-block-media-text alignwide is-stacked-on-mobile\"><figure class=\"wp-block-media-text__media\"><img loading=\"lazy\" decoding=\"async\" width=\"1024\" height=\"581\" src=\"https:\/\/cohefi.com\/wp-content\/uploads\/2023\/10\/EntradaPrincipal03_Cohefi-1024x581.jpg\" alt=\"\" class=\"wp-image-550 size-full\" srcset=\"https:\/\/cohefi.com\/wp-content\/uploads\/2023\/10\/EntradaPrincipal03_Cohefi-1024x581.jpg 1024w, https:\/\/cohefi.com\/wp-content\/uploads\/2023\/10\/EntradaPrincipal03_Cohefi-300x170.jpg 300w, https:\/\/cohefi.com\/wp-content\/uploads\/2023\/10\/EntradaPrincipal03_Cohefi-768x436.jpg 768w, https:\/\/cohefi.com\/wp-content\/uploads\/2023\/10\/EntradaPrincipal03_Cohefi.jpg 1446w\" sizes=\"auto, (max-width: 1024px) 100vw, 1024px\" \/><\/figure><div class=\"wp-block-media-text__content\">\n<h4 class=\"wp-block-heading\"><strong>Direcci\u00f3n<\/strong><\/h4>\n\n\n\n<p>Manzanas No 17 (Entre Av. F\u00e9lix Cuevas y Calle Lirio) Colonia Tlacoquemecatl del Valle, Alcald\u00eda Benito Ju\u00e1rez, Ciudad de M\u00e9xico<\/p>\n\n\n\n<h4 class=\"wp-block-heading\"><strong>Referencias:<\/strong><\/h4>\n\n\n\n<ul class=\"wp-block-list\">\n<li>Metrobus L\u00ednea 1, estaci\u00f3n F\u00e9lix Cuevas<\/li>\n\n\n\n<li>Metro L\u00ednea 12, estaci\u00f3n Insurgentes Sur<\/li>\n\n\n\n<li>Centro comercial Galer\u00edas insurgentes<\/li>\n<\/ul>\n\n\n\n<div class=\"wp-block-columns is-layout-flex wp-container-core-columns-is-layout-28f84493 wp-block-columns-is-layout-flex\">\n<div class=\"wp-block-column is-layout-flow wp-block-column-is-layout-flow\" style=\"flex-basis:10%\">\n<figure class=\"wp-block-image aligncenter size-full is-resized\"><img loading=\"lazy\" decoding=\"async\" src=\"https:\/\/cohefi.com\/wp-content\/uploads\/2023\/07\/IconoUbicacionTransparente.png\" alt=\"\" class=\"wp-image-171\" width=\"19\" height=\"24\"\/><\/figure>\n<\/div>\n\n\n\n<div class=\"wp-block-column is-layout-flow wp-block-column-is-layout-flow\">\n<p><a href=\"https:\/\/www.google.com\/maps\/place\/COHEFI,+Av.+R%C3%ADo+Mixcoac+44,+San+Jos%C3%A9+Insurgentes,+Benito+Ju%C3%A1rez,+03900+Ciudad+de+M%C3%A9xico,+CDMX\/@19.3689284,-99.1827964,15z\/data=!4m6!3m5!1s0x85d1fffd0cf43831:0xf87ca642606292b0!8m2!3d19.3689284!4d-99.1827964!16s%2Fg%2F11jz71xfrf\" data-type=\"URL\" data-id=\"https:\/\/www.google.com\/maps\/place\/COHEFI,+Av.+R%C3%ADo+Mixcoac+44,+San+Jos%C3%A9+Insurgentes,+Benito+Ju%C3%A1rez,+03900+Ciudad+de+M%C3%A9xico,+CDMX\/@19.3689284,-99.1827964,15z\/data=!4m6!3m5!1s0x85d1fffd0cf43831:0xf87ca642606292b0!8m2!3d19.3689284!4d-99.1827964!16s%2Fg%2F11jz71xfrf\" target=\"_blank\" rel=\"noreferrer noopener\">Encu\u00e9ntranos con ayuda de Google Maps<\/a> <sup>(R)<\/sup><\/p>\n<\/div>\n<\/div>\n<\/div><\/div>\n\n\n\n<div class=\"wp-block-media-text alignwide is-stacked-on-mobile\"><figure class=\"wp-block-media-text__media\"><img loading=\"lazy\" decoding=\"async\" width=\"332\" height=\"336\" src=\"https:\/\/cohefi.com\/wp-content\/uploads\/2023\/10\/UbicacionCohefi.png\" alt=\"\" class=\"wp-image-527 size-full\" srcset=\"https:\/\/cohefi.com\/wp-content\/uploads\/2023\/10\/UbicacionCohefi.png 332w, https:\/\/cohefi.com\/wp-content\/uploads\/2023\/10\/UbicacionCohefi-296x300.png 296w\" sizes=\"auto, (max-width: 332px) 100vw, 332px\" \/><\/figure><div class=\"wp-block-media-text__content\">\n<h4 class=\"wp-block-heading\"><strong>En transporte p\u00fablico<\/strong><\/h4>\n\n\n\n<p><strong><span style=\"text-decoration: underline\">Camina 3 minutos desde:<\/span><\/strong><\/p>\n\n\n\n<p>Metrobus L\u00ednea 1<\/p>\n\n\n\n<p>Estaci\u00f3n: F\u00e9lix Cuevas<\/p>\n\n\n\n<p><strong><span style=\"text-decoration: underline\">Camina 2 minutos desde:<\/span><\/strong><\/p>\n\n\n\n<p>Metro L\u00ednea 12<\/p>\n\n\n\n<p>Estaci\u00f3n: Insurgentes Sur<\/p>\n<\/div><\/div>\n","protected":false},"excerpt":{"rendered":"<p>En transporte p\u00fablico Camina 3 minutos desde: Metrobus L\u00ednea 1 Estaci\u00f3n: F\u00e9lix Cuevas Camina 2 minutos desde: Metro L\u00ednea 12 Estaci\u00f3n: Insurgentes Sur<\/p>\n","protected":false},"author":1,"featured_media":0,"parent":0,"menu_order":0,"comment_status":"closed","ping_status":"closed","template":"","meta":{"footnotes":""},"class_list":["post-206","page","type-page","status-publish","hentry"],"_links":{"self":[{"href":"https:\/\/cohefi.com\/index.php\/wp-json\/wp\/v2\/pages\/206","targetHints":{"allow":["GET"]}}],"collection":[{"href":"https:\/\/cohefi.com\/index.php\/wp-json\/wp\/v2\/pages"}],"about":[{"href":"https:\/\/cohefi.com\/index.php\/wp-json\/wp\/v2\/types\/page"}],"author":[{"embeddable":true,"href":"https:\/\/cohefi.com\/index.php\/wp-json\/wp\/v2\/users\/1"}],"replies":[{"embeddable":true,"href":"https:\/\/cohefi.com\/index.php\/wp-json\/wp\/v2\/comments?post=206"}],"version-history":[{"count":9,"href":"https:\/\/cohefi.com\/index.php\/wp-json\/wp\/v2\/pages\/206\/revisions"}],"predecessor-version":[{"id":555,"href":"https:\/\/cohefi.com\/index.php\/wp-json\/wp\/v2\/pages\/206\/revisions\/555"}],"wp:attachment":[{"href":"https:\/\/cohefi.com\/index.php\/wp-json\/wp\/v2\/media?parent=206"}],"curies":[{"name":"wp","href":"https:\/\/api.w.org\/{rel}","templated":true}]}}