{"id":198,"date":"2023-07-20T21:14:54","date_gmt":"2023-07-21T03:14:54","guid":{"rendered":"https:\/\/cohefi.com\/?page_id=198"},"modified":"2026-01-31T22:14:04","modified_gmt":"2026-02-01T04:14:04","slug":"informes","status":"publish","type":"page","link":"https:\/\/cohefi.com\/index.php\/informes\/","title":{"rendered":"Informes"},"content":{"rendered":"\n<div class=\"wp-block-columns is-not-stacked-on-mobile is-layout-flex wp-container-core-columns-is-layout-28f84493 wp-block-columns-is-layout-flex\">\n<div class=\"wp-block-column is-layout-flow wp-block-column-is-layout-flow\" style=\"flex-basis:20%\">\n<figure class=\"wp-block-image aligncenter size-full\"><a href=\"https:\/\/wa.link\/7xc93c\"><img loading=\"lazy\" decoding=\"async\" width=\"47\" height=\"48\" src=\"https:\/\/cohefi.com\/wp-content\/uploads\/2023\/07\/IconoWhatsTransparente.png\" alt=\"\" class=\"wp-image-168\"\/><\/a><\/figure>\n<\/div>\n\n\n\n<div class=\"wp-block-column is-layout-flow wp-block-column-is-layout-flow\">\n<h4 class=\"wp-block-heading\"><strong>Dudas y citas<\/strong><\/h4>\n\n\n\n<h4 class=\"wp-block-heading\"><strong><strong><a href=\"https:\/\/wa.link\/7xc93c\">55 4004 5171<\/a><\/strong><\/strong><\/h4>\n\n\n\n<p>Si tienes alguna duda sobre nuestros servicios o sobre la atenci\u00f3n de tu padecimiento, no dudes en contactarnos.<\/p>\n<\/div>\n<\/div>\n\n\n\n<div class=\"wp-block-columns is-not-stacked-on-mobile is-layout-flex wp-container-core-columns-is-layout-28f84493 wp-block-columns-is-layout-flex\">\n<div class=\"wp-block-column is-layout-flow wp-block-column-is-layout-flow\" style=\"flex-basis:20%\">\n<figure class=\"wp-block-image aligncenter size-full\"><img loading=\"lazy\" decoding=\"async\" width=\"37\" height=\"47\" src=\"https:\/\/cohefi.com\/wp-content\/uploads\/2023\/07\/IconoUbicacionTransparente.png\" alt=\"\" class=\"wp-image-171\"\/><\/figure>\n<\/div>\n\n\n\n<div class=\"wp-block-column is-layout-flow wp-block-column-is-layout-flow\">\n<h4 class=\"wp-block-heading\"><strong>Ubicaci\u00f3n<\/strong><\/h4>\n\n\n\n<p>Ciudad de M\u00e9xico<\/p>\n\n\n\n<p>Alcald\u00eda Benito Ju\u00e1rez<\/p>\n\n\n\n<p>Manzanas No 17<\/p>\n\n\n\n<p>Col. Tlacoquemecatl del Valle<\/p>\n\n\n\n<p>CP. 03200<\/p>\n<\/div>\n<\/div>\n\n\n\n<div class=\"wp-block-columns is-not-stacked-on-mobile is-layout-flex wp-container-core-columns-is-layout-28f84493 wp-block-columns-is-layout-flex\">\n<div class=\"wp-block-column is-layout-flow wp-block-column-is-layout-flow\" style=\"flex-basis:20%\">\n<figure class=\"wp-block-image aligncenter size-full\"><img loading=\"lazy\" decoding=\"async\" width=\"31\" height=\"31\" src=\"https:\/\/cohefi.com\/wp-content\/uploads\/2023\/07\/IconoHorarioTransparente.png\" alt=\"\" class=\"wp-image-170\"\/><\/figure>\n<\/div>\n\n\n\n<div class=\"wp-block-column is-layout-flow wp-block-column-is-layout-flow\">\n<h4 class=\"wp-block-heading\"><strong>Horarios<\/strong><\/h4>\n\n\n\n<p>Lunes a viernes<\/p>\n\n\n\n<ul class=\"wp-block-list\">\n<li>08:00 a.m. &#8211; 07:00 p.m.<\/li>\n<\/ul>\n\n\n\n<p>S\u00e1bado<\/p>\n\n\n\n<ul class=\"wp-block-list\">\n<li>08:00 a.m. &#8211; 04:00 p.m.<\/li>\n<\/ul>\n\n\n\n<p>Domingo<\/p>\n\n\n\n<ul class=\"wp-block-list\">\n<li>09:00 a.m. &#8211; 03:00 p.m.<\/li>\n<\/ul>\n<\/div>\n<\/div>\n\n\n\n<div class=\"wp-block-columns is-not-stacked-on-mobile is-layout-flex wp-container-core-columns-is-layout-28f84493 wp-block-columns-is-layout-flex\">\n<div class=\"wp-block-column is-layout-flow wp-block-column-is-layout-flow\" style=\"flex-basis:20%\">\n<figure class=\"wp-block-image aligncenter size-full is-resized\"><img loading=\"lazy\" decoding=\"async\" src=\"https:\/\/cohefi.com\/wp-content\/uploads\/2023\/07\/IconoDineroTransparente.png\" alt=\"\" class=\"wp-image-169\" width=\"40\" height=\"50\"\/><\/figure>\n<\/div>\n\n\n\n<div class=\"wp-block-column is-layout-flow wp-block-column-is-layout-flow\">\n<h4 class=\"wp-block-heading\"><strong>Tarifas vigentes<\/strong><\/h4>\n\n\n\n<h5 class=\"wp-block-heading\"><strong>Sesi\u00f3n individual: $500 pesos<\/strong><\/h5>\n\n\n\n<ul class=\"wp-block-list\">\n<li>60 minutos de duraci\u00f3n<\/li>\n\n\n\n<li>Valoraci\u00f3n inicial incluida <\/li>\n<\/ul>\n\n\n\n<h5 class=\"wp-block-heading\"><strong>Paquete de 5 sesiones: $2,250 pesos &#8211;  equivalente a $450 por sesi\u00f3n<\/strong><\/h5>\n\n\n\n<ul class=\"wp-block-list\">\n<li>La primera sesi\u00f3n incluye valoraci\u00f3n inicial<\/li>\n\n\n\n<li>Todos los materiales y recursos terap\u00e9uticos est\u00e1n incluidos dentro del costo de la sesi\u00f3n.<\/li>\n<\/ul>\n<\/div>\n<\/div>\n","protected":false},"excerpt":{"rendered":"<p>Dudas y citas 55 4004 5171 Si tienes alguna duda sobre nuestros servicios o sobre la atenci\u00f3n de tu padecimiento, no dudes en contactarnos. Ubicaci\u00f3n Ciudad de M\u00e9xico Alcald\u00eda Benito Ju\u00e1rez Manzanas No 17 Col. Tlacoquemecatl del Valle CP. 03200 Horarios Lunes a viernes S\u00e1bado Domingo Tarifas vigentes Sesi\u00f3n individual: $500 pesos Paquete de 5 [&hellip;]<\/p>\n","protected":false},"author":1,"featured_media":0,"parent":0,"menu_order":0,"comment_status":"closed","ping_status":"closed","template":"","meta":{"footnotes":""},"class_list":["post-198","page","type-page","status-publish","hentry"],"_links":{"self":[{"href":"https:\/\/cohefi.com\/index.php\/wp-json\/wp\/v2\/pages\/198","targetHints":{"allow":["GET"]}}],"collection":[{"href":"https:\/\/cohefi.com\/index.php\/wp-json\/wp\/v2\/pages"}],"about":[{"href":"https:\/\/cohefi.com\/index.php\/wp-json\/wp\/v2\/types\/page"}],"author":[{"embeddable":true,"href":"https:\/\/cohefi.com\/index.php\/wp-json\/wp\/v2\/users\/1"}],"replies":[{"embeddable":true,"href":"https:\/\/cohefi.com\/index.php\/wp-json\/wp\/v2\/comments?post=198"}],"version-history":[{"count":9,"href":"https:\/\/cohefi.com\/index.php\/wp-json\/wp\/v2\/pages\/198\/revisions"}],"predecessor-version":[{"id":562,"href":"https:\/\/cohefi.com\/index.php\/wp-json\/wp\/v2\/pages\/198\/revisions\/562"}],"wp:attachment":[{"href":"https:\/\/cohefi.com\/index.php\/wp-json\/wp\/v2\/media?parent=198"}],"curies":[{"name":"wp","href":"https:\/\/api.w.org\/{rel}","templated":true}]}}