{"id":177,"date":"2023-07-20T20:30:27","date_gmt":"2023-07-21T02:30:27","guid":{"rendered":"https:\/\/cohefi.com\/?page_id=177"},"modified":"2023-07-31T22:22:33","modified_gmt":"2023-08-01T04:22:33","slug":"que-hacemos","status":"publish","type":"page","link":"https:\/\/cohefi.com\/index.php\/que-hacemos\/","title":{"rendered":"\u00bfQu\u00e9 hacemos?"},"content":{"rendered":"\n<div class=\"wp-block-media-text alignwide is-stacked-on-mobile\"><figure class=\"wp-block-media-text__media\"><img loading=\"lazy\" decoding=\"async\" width=\"480\" height=\"852\" src=\"https:\/\/cohefi.com\/wp-content\/uploads\/2023\/07\/Cohefi_procesoatencion.gif\" alt=\"\" class=\"wp-image-183 size-full\"\/><\/figure><div class=\"wp-block-media-text__content\">\n<p>En COHEFI ofrecemos servicios de rehabilitaci\u00f3n f\u00edsica, la atenci\u00f3n de nuestros pacientes inicia con una historia cl\u00ednica, se realiza una evaluaci\u00f3n y posterior a ello se emite un diagn\u00f3stico<\/p>\n\n\n\n<p>A cada paciente se le recomendar\u00e1 una terapia completamente personalizada, poniendo a su disposici\u00f3n las mejores alternativas en cada caso.<\/p>\n\n\n\n<p>Las terapias son personalizadas ya que se toman en cuenta factores  como:<\/p>\n\n\n\n<ul class=\"wp-block-list\">\n<li>Estado de la lesi\u00f3n<\/li>\n\n\n\n<li>Grado de inflamaci\u00f3n<\/li>\n\n\n\n<li>Localizaci\u00f3n de la lesi\u00f3n<\/li>\n\n\n\n<li>Tejidos afectados<\/li>\n\n\n\n<li>Enfermedades asociadas<\/li>\n\n\n\n<li>Edad del paciente<\/li>\n\n\n\n<li>Actividades de la vida diaria del paciente<\/li>\n<\/ul>\n<\/div><\/div>\n\n\n\n<div class=\"wp-block-media-text alignwide is-stacked-on-mobile\"><figure class=\"wp-block-media-text__media\"><img loading=\"lazy\" decoding=\"async\" width=\"368\" height=\"460\" src=\"https:\/\/cohefi.com\/wp-content\/uploads\/2023\/07\/Cohefi_Electroterapia.gif\" alt=\"\" class=\"wp-image-188 size-full\"\/><\/figure><div class=\"wp-block-media-text__content\">\n<h4 class=\"wp-block-heading\"><strong>Electroterapia<\/strong><\/h4>\n\n\n\n<p>Terapia en donde con ayuda de impulsos el\u00e9ctricos se estimulan los m\u00fasculos para ayudar a su fortalecimiento y aliviar el dolor.<\/p>\n<\/div><\/div>\n\n\n\n<div class=\"wp-block-media-text alignwide is-stacked-on-mobile\"><figure class=\"wp-block-media-text__media\"><img loading=\"lazy\" decoding=\"async\" width=\"368\" height=\"460\" src=\"https:\/\/cohefi.com\/wp-content\/uploads\/2023\/07\/Cohefi_OndasChoque_1L.gif\" alt=\"\" class=\"wp-image-182 size-full\"\/><\/figure><div class=\"wp-block-media-text__content\">\n<h4 class=\"wp-block-heading\"><strong>Ondas de choque<\/strong><\/h4>\n\n\n\n<p>Terapia que consiste en la aplicaci\u00f3n de ondas sonoras a trav\u00e9s del cabezal de un equipo especializado, con la finalidad de dar tratamiento a dolor cr\u00f3nico, lumbalgia, hombro doloroso, calcificaciones, etc.<\/p>\n<\/div><\/div>\n\n\n\n<div class=\"wp-block-media-text alignwide is-stacked-on-mobile\"><figure class=\"wp-block-media-text__media\"><img loading=\"lazy\" decoding=\"async\" width=\"368\" height=\"460\" src=\"https:\/\/cohefi.com\/wp-content\/uploads\/2023\/07\/Cohefi_LaserTerapeutico.gif\" alt=\"\" class=\"wp-image-181 size-full\"\/><\/figure><div class=\"wp-block-media-text__content\">\n<h4 class=\"wp-block-heading\"><strong>L\u00e1ser terap\u00e9utico<\/strong><\/h4>\n\n\n\n<p>Terapia basada en el uso de la radiaci\u00f3n l\u00e1ser con la finalidad de producir los siguientes efectos terap\u00e9uticos: analg\u00e9sico, antiinflamatorio y antiedema.<\/p>\n<\/div><\/div>\n\n\n\n<div class=\"wp-block-media-text alignwide is-stacked-on-mobile\"><figure class=\"wp-block-media-text__media\"><img loading=\"lazy\" decoding=\"async\" width=\"368\" height=\"460\" src=\"https:\/\/cohefi.com\/wp-content\/uploads\/2023\/07\/Cohefi_instrumentalizada.gif\" alt=\"\" class=\"wp-image-180 size-full\"\/><\/figure><div class=\"wp-block-media-text__content\">\n<h4 class=\"wp-block-heading\"><strong>Manipulaci\u00f3n instrumentalizada<\/strong><\/h4>\n\n\n\n<p>Terapia que utiliza herramientas especializadas para la estimulaci\u00f3n de las zonas del cuerpo afectadas por el dolor.<\/p>\n<\/div><\/div>\n\n\n\n<div class=\"wp-block-media-text alignwide is-stacked-on-mobile\"><figure class=\"wp-block-media-text__media\"><img loading=\"lazy\" decoding=\"async\" width=\"368\" height=\"460\" src=\"https:\/\/cohefi.com\/wp-content\/uploads\/2023\/07\/Cohefi_Vendaje_Blanco.gif\" alt=\"\" class=\"wp-image-184 size-full\"\/><\/figure><div class=\"wp-block-media-text__content\">\n<h4 class=\"wp-block-heading\"><strong>Vendaje neuromuscular<\/strong><\/h4>\n\n\n\n<p>Se utiliza como tratamiento para el dolor muscular y articular as\u00ed como en trastornos de la circulaci\u00f3n, este tipo de vendaje no limita la movilidad de la zona donde es aplicado.<\/p>\n<\/div><\/div>\n\n\n\n<div class=\"wp-block-media-text alignwide is-stacked-on-mobile\"><figure class=\"wp-block-media-text__media\"><img loading=\"lazy\" decoding=\"async\" width=\"368\" height=\"460\" src=\"https:\/\/cohefi.com\/wp-content\/uploads\/2023\/07\/Cohefi_ejercicio.gif\" alt=\"\" class=\"wp-image-186 size-full\"\/><\/figure><div class=\"wp-block-media-text__content\">\n<h4 class=\"wp-block-heading\"><strong>Ejercicio terap\u00e9utico<\/strong><\/h4>\n\n\n\n<p>Por medio de la repetici\u00f3n de movimientos espec\u00edficos de nuestro cuerpo, podemos ayudar a eliminar el dolor o las lesiones, los ejercicios son recomendados para que los pacientes los puedan realizar en casa, sin necesidad de contar con equipos especializados.<\/p>\n<\/div><\/div>\n\n\n\n<div class=\"wp-block-media-text alignwide is-stacked-on-mobile\"><figure class=\"wp-block-media-text__media\"><img loading=\"lazy\" decoding=\"async\" width=\"368\" height=\"460\" src=\"https:\/\/cohefi.com\/wp-content\/uploads\/2023\/07\/Cohefi_electropuncion.gif\" alt=\"\" class=\"wp-image-187 size-full\"\/><\/figure><div class=\"wp-block-media-text__content\">\n<h4 class=\"wp-block-heading\"><strong>Electropunci\u00f3n<\/strong><\/h4>\n\n\n\n<p>Con ayuda de esta terapia, se pueden estimular puntos m\u00e1s espec\u00edficos del cuerpo o inclusive puntos que no son superficiales, tambi\u00e9n se utilizan corrientes el\u00e9ctricas para la aplicaci\u00f3n de este tipo de terapia.<\/p>\n<\/div><\/div>\n\n\n\n<div class=\"wp-block-media-text alignwide is-stacked-on-mobile\"><figure class=\"wp-block-media-text__media\"><img loading=\"lazy\" decoding=\"async\" width=\"368\" height=\"460\" src=\"https:\/\/cohefi.com\/wp-content\/uploads\/2023\/07\/Cohefi_flossband.gif\" alt=\"\" class=\"wp-image-179 size-full\"\/><\/figure><div class=\"wp-block-media-text__content\">\n<h4 class=\"wp-block-heading\"><strong>Flossband<\/strong><\/h4>\n\n\n\n<p>Terapia basada en el uso de bandas el\u00e1sticas, utilizadas para generar una compresi\u00f3n en zonas del cuerpo afectadas por el dolor o con inflamaci\u00f3n aguda.<\/p>\n<\/div><\/div>\n\n\n\n<h4 class=\"wp-block-heading has-normal-font-size\"><strong>Algunas de las afectaciones que podemos atender son:<\/strong><\/h4>\n\n\n\n<div class=\"wp-block-columns is-not-stacked-on-mobile is-layout-flex wp-container-core-columns-is-layout-28f84493 wp-block-columns-is-layout-flex\">\n<div class=\"wp-block-column is-layout-flow wp-block-column-is-layout-flow\">\n<ul class=\"wp-block-list\" style=\"font-size:0.8rem\">\n<li>Bursitis<\/li>\n\n\n\n<li>Ca\u00eddas<\/li>\n\n\n\n<li>Ciatalgia<\/li>\n\n\n\n<li>Condromalacia<\/li>\n\n\n\n<li>Contracturas<\/li>\n\n\n\n<li>Costocondritis<\/li>\n\n\n\n<li>Escoliosis<\/li>\n\n\n\n<li>Fracturas<\/li>\n\n\n\n<li>Gonartrosis<\/li>\n\n\n\n<li>Lumbalgia<\/li>\n\n\n\n<li>Lumbociatalgia<\/li>\n\n\n\n<li>Neuropat\u00eda<\/li>\n\n\n\n<li>Post-cirugia<\/li>\n\n\n\n<li>Tendinopat\u00edas<\/li>\n\n\n\n<li>Esguince cervical<\/li>\n\n\n\n<li>Fascitis plantar<\/li>\n\n\n\n<li>Hernias discales<\/li>\n\n\n\n<li>Hombro congelado<\/li>\n\n\n\n<li>Inestabilidades articulares<\/li>\n<\/ul>\n<\/div>\n\n\n\n<div class=\"wp-block-column is-layout-flow wp-block-column-is-layout-flow\">\n<ul class=\"wp-block-list\" style=\"font-size:0.8rem\">\n<li>Par\u00e1lisis facial<\/li>\n\n\n\n<li>Periostitis tibial<\/li>\n\n\n\n<li>Rectificaci\u00f3n cervical<\/li>\n\n\n\n<li>Rupturas fibrilares<\/li>\n\n\n\n<li>Canal medular estrecho<\/li>\n\n\n\n<li>Codo de tenista<\/li>\n\n\n\n<li>Esguinces de tobillo<\/li>\n\n\n\n<li>Lesiones del hombro<\/li>\n\n\n\n<li>Molestias del cuello<\/li>\n\n\n\n<li>Pr\u00f3tesis de cadera<\/li>\n\n\n\n<li>t\u00fanel del carpo<\/li>\n\n\n\n<li>Alteraciones de la columna<\/li>\n\n\n\n<li>Alteraciones de la sensibilidad<\/li>\n\n\n\n<li>Lesiones del manguito rotador<\/li>\n<\/ul>\n<\/div>\n<\/div>\n\n\n\n<figure class=\"wp-block-image size-large\"><img loading=\"lazy\" decoding=\"async\" width=\"1024\" height=\"683\" src=\"https:\/\/cohefi.com\/wp-content\/uploads\/2023\/07\/Cohefi07-1024x683.png\" alt=\"\" class=\"wp-image-185\" srcset=\"https:\/\/cohefi.com\/wp-content\/uploads\/2023\/07\/Cohefi07-1024x683.png 1024w, https:\/\/cohefi.com\/wp-content\/uploads\/2023\/07\/Cohefi07-300x200.png 300w, https:\/\/cohefi.com\/wp-content\/uploads\/2023\/07\/Cohefi07-768x512.png 768w, https:\/\/cohefi.com\/wp-content\/uploads\/2023\/07\/Cohefi07-1536x1024.png 1536w, https:\/\/cohefi.com\/wp-content\/uploads\/2023\/07\/Cohefi07-2048x1365.png 2048w\" sizes=\"auto, (max-width: 1024px) 100vw, 1024px\" \/><\/figure>\n","protected":false},"excerpt":{"rendered":"<p>Electroterapia Terapia en donde con ayuda de impulsos el\u00e9ctricos se estimulan los m\u00fasculos para ayudar a su fortalecimiento y aliviar el dolor. Ondas de choque Terapia que consiste en la aplicaci\u00f3n de ondas sonoras a trav\u00e9s del cabezal de un equipo especializado, con la finalidad de dar tratamiento a dolor cr\u00f3nico, lumbalgia, hombro doloroso, calcificaciones, [&hellip;]<\/p>\n","protected":false},"author":1,"featured_media":0,"parent":0,"menu_order":0,"comment_status":"closed","ping_status":"closed","template":"","meta":{"footnotes":""},"class_list":["post-177","page","type-page","status-publish","hentry"],"_links":{"self":[{"href":"https:\/\/cohefi.com\/index.php\/wp-json\/wp\/v2\/pages\/177","targetHints":{"allow":["GET"]}}],"collection":[{"href":"https:\/\/cohefi.com\/index.php\/wp-json\/wp\/v2\/pages"}],"about":[{"href":"https:\/\/cohefi.com\/index.php\/wp-json\/wp\/v2\/types\/page"}],"author":[{"embeddable":true,"href":"https:\/\/cohefi.com\/index.php\/wp-json\/wp\/v2\/users\/1"}],"replies":[{"embeddable":true,"href":"https:\/\/cohefi.com\/index.php\/wp-json\/wp\/v2\/comments?post=177"}],"version-history":[{"count":12,"href":"https:\/\/cohefi.com\/index.php\/wp-json\/wp\/v2\/pages\/177\/revisions"}],"predecessor-version":[{"id":381,"href":"https:\/\/cohefi.com\/index.php\/wp-json\/wp\/v2\/pages\/177\/revisions\/381"}],"wp:attachment":[{"href":"https:\/\/cohefi.com\/index.php\/wp-json\/wp\/v2\/media?parent=177"}],"curies":[{"name":"wp","href":"https:\/\/api.w.org\/{rel}","templated":true}]}}